{"id":370,"date":"2018-11-26T15:21:36","date_gmt":"2018-11-26T15:21:36","guid":{"rendered":"http:\/\/kirschenhofer-maschinen-gmbh.de\/?page_id=370"},"modified":"2020-05-08T10:07:47","modified_gmt":"2020-05-08T08:07:47","slug":"software","status":"publish","type":"page","link":"https:\/\/kirschenhofer-maschinen-gmbh.de\/en\/home\/software\/","title":{"rendered":"Software"},"content":{"rendered":"<div id=\"pl-370\"  class=\"panel-layout\" ><div id=\"pg-370-0\"  class=\"panel-grid panel-has-style\" ><div class=\"siteorigin-panels-stretch parallax rocked-stretch panel-row-style panel-row-style-for-370-0\" style=\"color: #ffffff;background-image: url(https:\/\/kirschenhofer-maschinen-gmbh.de\/en\/wp-content\/uploads\/sites\/2\/2020\/04\/Programmers.jpg);padding: 100px 0; \" data-stretch-type=\"full\" data-hascolor=\"hascolor\" data-hasbg=\"hasbg\" ><div id=\"pgc-370-0-0\"  class=\"panel-grid-cell\" ><div id=\"panel-370-0-0-0\" class=\"so-panel widget widget_sow-headline panel-first-child\" data-index=\"0\" ><div\n\t\t\t\n\t\t\tclass=\"so-widget-sow-headline so-widget-sow-headline-default-afaea6b9609b-370\"\n\t\t\t\n\t\t><div class=\"sow-headline-container \">\n\t<h1 class='sow-headline'>Software<\/h1>\t\t\t\t\t<div class=\"decoration\">\n\t\t\t\t\t\t<div class=\"decoration-inside\"><\/div>\n\t\t\t\t\t<\/div>\n\t\t\t\t\t<\/div>\n<\/div><\/div><div id=\"panel-370-0-0-1\" class=\"so-panel widget widget_sow-editor panel-last-child\" data-index=\"1\" ><div\n\t\t\t\n\t\t\tclass=\"so-widget-sow-editor so-widget-sow-editor-base\"\n\t\t\t\n\t\t>\n<div class=\"siteorigin-widget-tinymce textwidget\">\n\t<p>&nbsp;<\/p>\n<p>&nbsp;<\/p>\n<p style=\"text-align: center;\">The myth of the brilliant developer working alone is nonsense and potentially dangerous. If you come across an engineer who thinks he's smarter than everyone else, their software is usually terribly - flawed, incomplete, and poorly commented.<br \/>\nFor this reason, we have a <strong>TEAM<\/strong> of highly qualified software developers to ensure best practices and a finished, well-tested product.<\/p>\n<\/div>\n<\/div><\/div><\/div><\/div><\/div><div id=\"pg-370-1\"  class=\"panel-grid panel-has-style\" ><div style=\"padding: 100px 0; \" class=\"panel-row-style panel-row-style-for-370-1\" ><div id=\"pgc-370-1-0\"  class=\"panel-grid-cell\" ><div id=\"panel-370-1-0-0\" class=\"so-panel widget widget_sow-accordion panel-first-child panel-last-child\" data-index=\"2\" ><div\n\t\t\t\n\t\t\tclass=\"so-widget-sow-accordion so-widget-sow-accordion-default-99be652ed941-370\"\n\t\t\t\n\t\t><div>\n\t<div class=\"sow-accordion\">\n\t\t\t<div class=\"sow-accordion-panel\"\n\t\t\t data-anchor=\"mml-advance-lasermesssystem\">\n\t\t\t\t<div class=\"sow-accordion-panel-header-container\" role=\"heading\" aria-level=\"2\">\n\t\t\t\t\t<div class=\"sow-accordion-panel-header\" tabindex=\"0\" role=\"button\" id=\"accordion-label-mml-advance-lasermesssystem\" aria-controls=\"accordion-content-mml-advance-lasermesssystem\" aria-expanded=\"false\">\n\t\t\t\t\t\t<div class=\"sow-accordion-title sow-accordion-title-icon-left\">\n\t\t\t\t\t\t\t\t\t\t\t\t\t\tMML Advance (Lasermesssystem)\t\t\t\t\t\t\t\t\t\t\t\t\t<\/div>\n\t\t\t\t\t\t<div class=\"sow-accordion-open-close-button\">\n\t\t\t\t\t\t\t<div class=\"sow-accordion-open-button\">\n\t\t\t\t\t\t\t\t<span class=\"sow-icon-ionicons\" data-sow-icon=\"&#xf218;\"\n\t\t \n\t\taria-hidden=\"true\"><\/span>\t\t\t\t\t\t\t<\/div>\n\t\t\t\t\t\t\t<div class=\"sow-accordion-close-button\">\n\t\t\t\t\t\t\t\t<span class=\"sow-icon-ionicons\" data-sow-icon=\"&#xf209;\"\n\t\t \n\t\taria-hidden=\"true\"><\/span>\t\t\t\t\t\t\t<\/div>\n\t\t\t\t\t\t<\/div>\n\t\t\t\t\t<\/div>\n\t\t\t\t<\/div>\n\n\t\t\t<div\n\t\t\t\tclass=\"sow-accordion-panel-content\"\n\t\t\t\trole=\"region\"\n\t\t\t\taria-labelledby=\"accordion-label-mml-advance-lasermesssystem\"\n\t\t\t\tid=\"accordion-content-mml-advance-lasermesssystem\"\n\t\t\t\tstyle=\"display: none;\"\t\t\t>\n\t\t\t\t<div class=\"sow-accordion-panel-border\" tabindex=\"0\">\n\t\t\t\t\t<p>Unsere bestehende Lasermess-Software (MML) wurde aktualisiert zur MML Advance.<br \/>\nDiese besitzt nun Messf\u00e4higkeiten die in der Norm \"DIN EN12180-1\" festgelegt wurde.<\/p>\n<ul>\n<li>Pferchkreisberechnung<\/li>\n<li>H\u00fcllkreisberechnung<\/li>\n<li>Bestfit GBD pro 0,1\u00b0<\/li>\n<li>Berechnung der Standardabwechung f\u00fcr die oben genannten Verfahren<\/li>\n<li>Archivierung f\u00fcr bis zu 4 Messebenen mit je 3600 gemittelten Messpunkten<\/li>\n<li>Grafische Darstellung der Messergebnisse<\/li>\n<\/ul>\n<p><img class=\"alignnone size-medium wp-image-494\" src=\"http:\/\/kirschenhofer-maschinen-gmbh.de\/wp-content\/uploads\/2018\/11\/MCC-300x300.png\" alt=\"\" width=\"300\" height=\"300\" \/><img class=\"alignnone size-medium wp-image-495\" src=\"http:\/\/kirschenhofer-maschinen-gmbh.de\/wp-content\/uploads\/2018\/11\/MIC-300x300.png\" alt=\"\" width=\"300\" height=\"300\" \/><img class=\"alignnone size-medium wp-image-493\" src=\"http:\/\/kirschenhofer-maschinen-gmbh.de\/wp-content\/uploads\/2018\/11\/LSC-300x300.png\" alt=\"\" width=\"300\" height=\"300\" \/><\/p>\n\t\t\t\t<\/div>\n\t\t\t<\/div>\n\t\t<\/div>\n\t\t\t<div class=\"sow-accordion-panel\"\n\t\t\t data-anchor=\"mfl-kantenbrucherkennung\">\n\t\t\t\t<div class=\"sow-accordion-panel-header-container\" role=\"heading\" aria-level=\"2\">\n\t\t\t\t\t<div class=\"sow-accordion-panel-header\" tabindex=\"0\" role=\"button\" id=\"accordion-label-mfl-kantenbrucherkennung\" aria-controls=\"accordion-content-mfl-kantenbrucherkennung\" aria-expanded=\"false\">\n\t\t\t\t\t\t<div class=\"sow-accordion-title sow-accordion-title-icon-left\">\n\t\t\t\t\t\t\t\t\t\t\t\t\t\tMFL (Kantenbrucherkennung)\t\t\t\t\t\t\t\t\t\t\t\t\t<\/div>\n\t\t\t\t\t\t<div class=\"sow-accordion-open-close-button\">\n\t\t\t\t\t\t\t<div class=\"sow-accordion-open-button\">\n\t\t\t\t\t\t\t\t<span class=\"sow-icon-ionicons\" data-sow-icon=\"&#xf218;\"\n\t\t \n\t\taria-hidden=\"true\"><\/span>\t\t\t\t\t\t\t<\/div>\n\t\t\t\t\t\t\t<div class=\"sow-accordion-close-button\">\n\t\t\t\t\t\t\t\t<span class=\"sow-icon-ionicons\" data-sow-icon=\"&#xf209;\"\n\t\t \n\t\taria-hidden=\"true\"><\/span>\t\t\t\t\t\t\t<\/div>\n\t\t\t\t\t\t<\/div>\n\t\t\t\t\t<\/div>\n\t\t\t\t<\/div>\n\n\t\t\t<div\n\t\t\t\tclass=\"sow-accordion-panel-content\"\n\t\t\t\trole=\"region\"\n\t\t\t\taria-labelledby=\"accordion-label-mfl-kantenbrucherkennung\"\n\t\t\t\tid=\"accordion-content-mfl-kantenbrucherkennung\"\n\t\t\t\tstyle=\"display: none;\"\t\t\t>\n\t\t\t\t<div class=\"sow-accordion-panel-border\" tabindex=\"0\">\n\t\t\t\t\t<p>Laserbasiertes Messverfahren zur Erkennung von Ausbr\u00fcchen und Absplitterung entlang der Substratkanten.<br \/>\nKleinster zu erkennender Ausbruch:<\/p>\n<ul>\n<li>H\u00f6he = 2,0 mm<\/li>\n<li>Breite = 2,0 mm<\/li>\n<li>Tiefe = 1,5 mm<\/li>\n<\/ul>\n<p><img class=\"alignnone size-medium wp-image-498\" src=\"http:\/\/kirschenhofer-maschinen-gmbh.de\/wp-content\/uploads\/2018\/11\/Kantenbruch-300x288.png\" alt=\"\" width=\"300\" height=\"288\" \/><img class=\"alignnone size-medium wp-image-501\" src=\"http:\/\/kirschenhofer-maschinen-gmbh.de\/wp-content\/uploads\/2018\/11\/MFLsetting-300x189.png\" alt=\"\" width=\"300\" height=\"189\" \/><\/p>\n\t\t\t\t<\/div>\n\t\t\t<\/div>\n\t\t<\/div>\n\t\t\t<div class=\"sow-accordion-panel\"\n\t\t\t data-anchor=\"pks-palettierungssystem\">\n\t\t\t\t<div class=\"sow-accordion-panel-header-container\" role=\"heading\" aria-level=\"2\">\n\t\t\t\t\t<div class=\"sow-accordion-panel-header\" tabindex=\"0\" role=\"button\" id=\"accordion-label-pks-palettierungssystem\" aria-controls=\"accordion-content-pks-palettierungssystem\" aria-expanded=\"false\">\n\t\t\t\t\t\t<div class=\"sow-accordion-title sow-accordion-title-icon-left\">\n\t\t\t\t\t\t\t\t\t\t\t\t\t\tPKS (Palettierungssystem)\t\t\t\t\t\t\t\t\t\t\t\t\t<\/div>\n\t\t\t\t\t\t<div class=\"sow-accordion-open-close-button\">\n\t\t\t\t\t\t\t<div class=\"sow-accordion-open-button\">\n\t\t\t\t\t\t\t\t<span class=\"sow-icon-ionicons\" data-sow-icon=\"&#xf218;\"\n\t\t \n\t\taria-hidden=\"true\"><\/span>\t\t\t\t\t\t\t<\/div>\n\t\t\t\t\t\t\t<div class=\"sow-accordion-close-button\">\n\t\t\t\t\t\t\t\t<span class=\"sow-icon-ionicons\" data-sow-icon=\"&#xf209;\"\n\t\t \n\t\taria-hidden=\"true\"><\/span>\t\t\t\t\t\t\t<\/div>\n\t\t\t\t\t\t<\/div>\n\t\t\t\t\t<\/div>\n\t\t\t\t<\/div>\n\n\t\t\t<div\n\t\t\t\tclass=\"sow-accordion-panel-content\"\n\t\t\t\trole=\"region\"\n\t\t\t\taria-labelledby=\"accordion-label-pks-palettierungssystem\"\n\t\t\t\tid=\"accordion-content-pks-palettierungssystem\"\n\t\t\t\tstyle=\"display: none;\"\t\t\t>\n\t\t\t\t<div class=\"sow-accordion-panel-border\" tabindex=\"0\">\n\t\t\t\t\t<p>PKS ist ein Be- &amp; Entladesystem f\u00fcr Substrate, Rohre und Fertigteile<\/p>\n<ul>\n<li>Produktoberfl\u00e4chen k\u00f6nnen kunden- oder produktspezifisch angepasst werden<\/li>\n<li>Einfache Integration in bestehende Handling- &amp; Robotersysteme<\/li>\n<li>Benutzerfreundliche Bedienungssoftware<\/li>\n<li>Offenes Kommunikationssystem f\u00fcr eine Integration in alle Systeme<\/li>\n<\/ul>\n\t\t\t\t<\/div>\n\t\t\t<\/div>\n\t\t<\/div>\n\t\t\t<div class=\"sow-accordion-panel\"\n\t\t\t data-anchor=\"tracebility-produktionsdatenspeicherung\">\n\t\t\t\t<div class=\"sow-accordion-panel-header-container\" role=\"heading\" aria-level=\"2\">\n\t\t\t\t\t<div class=\"sow-accordion-panel-header\" tabindex=\"0\" role=\"button\" id=\"accordion-label-tracebility-produktionsdatenspeicherung\" aria-controls=\"accordion-content-tracebility-produktionsdatenspeicherung\" aria-expanded=\"false\">\n\t\t\t\t\t\t<div class=\"sow-accordion-title sow-accordion-title-icon-left\">\n\t\t\t\t\t\t\t\t\t\t\t\t\t\tTracebility (Produktionsdatenspeicherung)\t\t\t\t\t\t\t\t\t\t\t\t\t<\/div>\n\t\t\t\t\t\t<div class=\"sow-accordion-open-close-button\">\n\t\t\t\t\t\t\t<div class=\"sow-accordion-open-button\">\n\t\t\t\t\t\t\t\t<span class=\"sow-icon-ionicons\" data-sow-icon=\"&#xf218;\"\n\t\t \n\t\taria-hidden=\"true\"><\/span>\t\t\t\t\t\t\t<\/div>\n\t\t\t\t\t\t\t<div class=\"sow-accordion-close-button\">\n\t\t\t\t\t\t\t\t<span class=\"sow-icon-ionicons\" data-sow-icon=\"&#xf209;\"\n\t\t \n\t\taria-hidden=\"true\"><\/span>\t\t\t\t\t\t\t<\/div>\n\t\t\t\t\t\t<\/div>\n\t\t\t\t\t<\/div>\n\t\t\t\t<\/div>\n\n\t\t\t<div\n\t\t\t\tclass=\"sow-accordion-panel-content\"\n\t\t\t\trole=\"region\"\n\t\t\t\taria-labelledby=\"accordion-label-tracebility-produktionsdatenspeicherung\"\n\t\t\t\tid=\"accordion-content-tracebility-produktionsdatenspeicherung\"\n\t\t\t\tstyle=\"display: none;\"\t\t\t>\n\t\t\t\t<div class=\"sow-accordion-panel-border\" tabindex=\"0\">\n\t\t\t\t\t<p>Unser Tracebility-system bietet die folgende Besonderheiten.<\/p>\n<ul>\n<li>Lebensl\u00e4ngliche Datenspeicherung<\/li>\n<li>Speicherung aller produktspezifischen Daten<\/li>\n<li>Verf\u00fcgbar als \"Stand Alone\" oder \"Enterprise\" Version<\/li>\n<li>Speicherung aller Anlagenfehler w\u00e4hrend der Produktion<\/li>\n<li>Grafische Darstellung der Produktionsdaten in Echtzeit<\/li>\n<li>Gem\u00e4\u00df Industry 4.0<\/li>\n<\/ul>\n<p><img class=\"alignnone size-medium wp-image-506\" src=\"http:\/\/kirschenhofer-maschinen-gmbh.de\/wp-content\/uploads\/2018\/11\/TraceData-300x131.png\" alt=\"\" width=\"300\" height=\"131\" \/><\/p>\n\t\t\t\t<\/div>\n\t\t\t<\/div>\n\t\t<\/div>\n\t\t\t<div class=\"sow-accordion-panel\"\n\t\t\t data-anchor=\"datensatz-archivierung\">\n\t\t\t\t<div class=\"sow-accordion-panel-header-container\" role=\"heading\" aria-level=\"2\">\n\t\t\t\t\t<div class=\"sow-accordion-panel-header\" tabindex=\"0\" role=\"button\" id=\"accordion-label-datensatz-archivierung\" aria-controls=\"accordion-content-datensatz-archivierung\" aria-expanded=\"false\">\n\t\t\t\t\t\t<div class=\"sow-accordion-title sow-accordion-title-icon-left\">\n\t\t\t\t\t\t\t\t\t\t\t\t\t\tDatensatz Archivierung\t\t\t\t\t\t\t\t\t\t\t\t\t<\/div>\n\t\t\t\t\t\t<div class=\"sow-accordion-open-close-button\">\n\t\t\t\t\t\t\t<div class=\"sow-accordion-open-button\">\n\t\t\t\t\t\t\t\t<span class=\"sow-icon-ionicons\" data-sow-icon=\"&#xf218;\"\n\t\t \n\t\taria-hidden=\"true\"><\/span>\t\t\t\t\t\t\t<\/div>\n\t\t\t\t\t\t\t<div class=\"sow-accordion-close-button\">\n\t\t\t\t\t\t\t\t<span class=\"sow-icon-ionicons\" data-sow-icon=\"&#xf209;\"\n\t\t \n\t\taria-hidden=\"true\"><\/span>\t\t\t\t\t\t\t<\/div>\n\t\t\t\t\t\t<\/div>\n\t\t\t\t\t<\/div>\n\t\t\t\t<\/div>\n\n\t\t\t<div\n\t\t\t\tclass=\"sow-accordion-panel-content\"\n\t\t\t\trole=\"region\"\n\t\t\t\taria-labelledby=\"accordion-label-datensatz-archivierung\"\n\t\t\t\tid=\"accordion-content-datensatz-archivierung\"\n\t\t\t\tstyle=\"display: none;\"\t\t\t>\n\t\t\t\t<div class=\"sow-accordion-panel-border\" tabindex=\"0\">\n\t\t\t\t\t<p>Software zur Speicherung und \u00dcberpr\u00fcfung der Rezepturdaten von Simatic WinCC<\/p>\n<ul>\n<li>Rezepturdatenspeicherung f\u00fcr die gesamte Lebensdauer der Anlage<\/li>\n<li>Speichert alle \u00c4nderungen mit Datum und Uhrzeit, optional mit Benutzer<\/li>\n<li>Erm\u00f6glicht dem Benutzer einen direkten Vergleich zweier Rezepturen oder Versionen einer Rezeptur<\/li>\n<li>Archivierung aller gel\u00f6schten Rezepturen f\u00fcr eine sp\u00e4tere \u00dcberpr\u00fcfung oder Wiederherstellung<\/li>\n<li>Speicherung aller Rezeptwerte mit Datum &amp; Uhrzeit w\u00e4hrend der \u00dcbertragung zur SPS<\/li>\n<\/ul>\n<p><img class=\"alignnone size-medium wp-image-505\" src=\"http:\/\/kirschenhofer-maschinen-gmbh.de\/wp-content\/uploads\/2018\/11\/REcipyTracker-300x114.png\" alt=\"\" width=\"300\" height=\"114\" \/><\/p>\n\t\t\t\t<\/div>\n\t\t\t<\/div>\n\t\t<\/div>\n\t\t\t<div class=\"sow-accordion-panel\"\n\t\t\t data-anchor=\"eks-benutzerverwaltung\">\n\t\t\t\t<div class=\"sow-accordion-panel-header-container\" role=\"heading\" aria-level=\"2\">\n\t\t\t\t\t<div class=\"sow-accordion-panel-header\" tabindex=\"0\" role=\"button\" id=\"accordion-label-eks-benutzerverwaltung\" aria-controls=\"accordion-content-eks-benutzerverwaltung\" aria-expanded=\"false\">\n\t\t\t\t\t\t<div class=\"sow-accordion-title sow-accordion-title-icon-left\">\n\t\t\t\t\t\t\t\t\t\t\t\t\t\tEKS (Benutzerverwaltung)\t\t\t\t\t\t\t\t\t\t\t\t\t<\/div>\n\t\t\t\t\t\t<div class=\"sow-accordion-open-close-button\">\n\t\t\t\t\t\t\t<div class=\"sow-accordion-open-button\">\n\t\t\t\t\t\t\t\t<span class=\"sow-icon-ionicons\" data-sow-icon=\"&#xf218;\"\n\t\t \n\t\taria-hidden=\"true\"><\/span>\t\t\t\t\t\t\t<\/div>\n\t\t\t\t\t\t\t<div class=\"sow-accordion-close-button\">\n\t\t\t\t\t\t\t\t<span class=\"sow-icon-ionicons\" data-sow-icon=\"&#xf209;\"\n\t\t \n\t\taria-hidden=\"true\"><\/span>\t\t\t\t\t\t\t<\/div>\n\t\t\t\t\t\t<\/div>\n\t\t\t\t\t<\/div>\n\t\t\t\t<\/div>\n\n\t\t\t<div\n\t\t\t\tclass=\"sow-accordion-panel-content\"\n\t\t\t\trole=\"region\"\n\t\t\t\taria-labelledby=\"accordion-label-eks-benutzerverwaltung\"\n\t\t\t\tid=\"accordion-content-eks-benutzerverwaltung\"\n\t\t\t\tstyle=\"display: none;\"\t\t\t>\n\t\t\t\t<div class=\"sow-accordion-panel-border\" tabindex=\"0\">\n\t\t\t\t\t<p>RFID basiertes Benutzerverwaltungssystem<\/p>\n<ul>\n<li>Verwaltung von bis zu 8 veschiedenen Maschinentypen<\/li>\n<li>Bis zu 10 auf dem Transponder gespeicherten Benutzerebenen<\/li>\n<li>Benutzerverwaltung unabh\u00e4ngig von der Maschinentyp<\/li>\n<li>Einfache Simatic STEP 7 , TIA und WinCC Intergration mit dem SDK kit und Beispielprojekt<\/li>\n<\/ul>\n<p><img class=\"alignnone size-medium wp-image-504\" src=\"http:\/\/kirschenhofer-maschinen-gmbh.de\/wp-content\/uploads\/2018\/11\/EKS-300x101.png\" alt=\"\" width=\"300\" height=\"101\" \/><\/p>\n\t\t\t\t<\/div>\n\t\t\t<\/div>\n\t\t<\/div>\n\t\t<\/div>\n<\/div>\n<\/div><\/div><\/div><\/div><\/div><div id=\"pg-370-2\"  class=\"panel-grid panel-has-style\" ><div class=\"siteorigin-panels-stretch rocked-stretch panel-row-style panel-row-style-for-370-2\" style=\"background-color: #eeeeee;padding: 100px 0; \" data-stretch-type=\"full\" ><div id=\"pgc-370-2-0\"  class=\"panel-grid-cell\" ><div id=\"panel-370-2-0-0\" class=\"so-panel widget widget_sow-image panel-first-child panel-last-child\" data-index=\"3\" ><div\n\t\t\t\n\t\t\tclass=\"so-widget-sow-image so-widget-sow-image-default-d6014b76747a-370\"\n\t\t\t\n\t\t>\n\n<div class=\"sow-image-container\">\n\t\t<img src=\"https:\/\/kirschenhofer-maschinen-gmbh.de\/en\/wp-content\/uploads\/sites\/2\/2019\/03\/Software-1.png\" width=\"1360\" height=\"648\" srcset=\"https:\/\/kirschenhofer-maschinen-gmbh.de\/en\/wp-content\/uploads\/sites\/2\/2019\/03\/Software-1.png 1360w, https:\/\/kirschenhofer-maschinen-gmbh.de\/en\/wp-content\/uploads\/sites\/2\/2019\/03\/Software-1-300x143.png 300w, https:\/\/kirschenhofer-maschinen-gmbh.de\/en\/wp-content\/uploads\/sites\/2\/2019\/03\/Software-1-768x366.png 768w, https:\/\/kirschenhofer-maschinen-gmbh.de\/en\/wp-content\/uploads\/sites\/2\/2019\/03\/Software-1-1024x488.png 1024w, https:\/\/kirschenhofer-maschinen-gmbh.de\/en\/wp-content\/uploads\/sites\/2\/2019\/03\/Software-1-700x334.png 700w, https:\/\/kirschenhofer-maschinen-gmbh.de\/en\/wp-content\/uploads\/sites\/2\/2019\/03\/Software-1-410x195.png 410w, https:\/\/kirschenhofer-maschinen-gmbh.de\/en\/wp-content\/uploads\/sites\/2\/2019\/03\/Software-1-100x48.png 100w, https:\/\/kirschenhofer-maschinen-gmbh.de\/en\/wp-content\/uploads\/sites\/2\/2019\/03\/Software-1-275x131.png 275w\" sizes=\"(max-width: 1360px) 100vw, 1360px\" title=\"Software\" alt=\"\" loading=\"lazy\" \t\tclass=\"so-widget-image\"\/>\n\t<\/div>\n\n<\/div><\/div><\/div><\/div><\/div><\/div>","protected":false},"excerpt":{"rendered":"<p>&nbsp; &nbsp; The myth of the brilliant developer working alone is nonsense and potentially dangerous. If you come across an engineer who thinks he&#8217;s smarter than everyone else, their software is usually terribly &#8211; flawed, incomplete, and poorly commented. For this reason, we have a TEAM of highly qualified software developers to ensure best practices [&hellip;]<\/p>\n","protected":false},"author":1,"featured_media":0,"parent":37,"menu_order":0,"comment_status":"closed","ping_status":"closed","template":"page-templates\/page_front-page.php","meta":[],"_links":{"self":[{"href":"https:\/\/kirschenhofer-maschinen-gmbh.de\/en\/wp-json\/wp\/v2\/pages\/370"}],"collection":[{"href":"https:\/\/kirschenhofer-maschinen-gmbh.de\/en\/wp-json\/wp\/v2\/pages"}],"about":[{"href":"https:\/\/kirschenhofer-maschinen-gmbh.de\/en\/wp-json\/wp\/v2\/types\/page"}],"author":[{"embeddable":true,"href":"https:\/\/kirschenhofer-maschinen-gmbh.de\/en\/wp-json\/wp\/v2\/users\/1"}],"replies":[{"embeddable":true,"href":"https:\/\/kirschenhofer-maschinen-gmbh.de\/en\/wp-json\/wp\/v2\/comments?post=370"}],"version-history":[{"count":7,"href":"https:\/\/kirschenhofer-maschinen-gmbh.de\/en\/wp-json\/wp\/v2\/pages\/370\/revisions"}],"predecessor-version":[{"id":1086,"href":"https:\/\/kirschenhofer-maschinen-gmbh.de\/en\/wp-json\/wp\/v2\/pages\/370\/revisions\/1086"}],"up":[{"embeddable":true,"href":"https:\/\/kirschenhofer-maschinen-gmbh.de\/en\/wp-json\/wp\/v2\/pages\/37"}],"wp:attachment":[{"href":"https:\/\/kirschenhofer-maschinen-gmbh.de\/en\/wp-json\/wp\/v2\/media?parent=370"}],"curies":[{"name":"wp","href":"https:\/\/api.w.org\/{rel}","templated":true}]}}