{"id":21,"date":"2018-11-21T18:45:47","date_gmt":"2018-11-21T18:45:47","guid":{"rendered":"http:\/\/kirschenhofer-maschinen-gmbh.de\/?page_id=21"},"modified":"2020-03-12T09:50:23","modified_gmt":"2020-03-12T08:50:23","slug":"impressum","status":"publish","type":"page","link":"https:\/\/kirschenhofer-maschinen-gmbh.de\/en\/home\/impressum\/","title":{"rendered":"Impressum"},"content":{"rendered":"<p><strong>Data according to \u00a7 5 TMG:<\/strong><\/p>\n<p>Kirschenhofer Maschinen GmbH<br \/>\nR\u00f6merstra\u00dfe 35<br \/>\n89278 Nersingen-Stra\u00df<\/p>\n<p><strong>Company data:<\/strong><\/p>\n<p><span style=\"color: #000000;\">domicile: Nersingen-Stra\u00df<br \/>\n<\/span><span style=\"color: #000000;\">Registergericht Memmingen HRB Nr. 15 317<br \/>\n<\/span><span style=\"color: #000000;\">USt-IdNr. DE 286 552 416<\/span><\/p>\n<p><strong>Managing directors:<\/strong><br \/>\nHariton Kirschenhofer \/ Craig Craill<\/p>\n<p>Telefon:&nbsp;+49 (0)&nbsp; 7308\/817960<\/p>\n<p>E-Mail:&nbsp;<a href=\"mailto:info@kirschenhofer-gmbh.de\">info@kirschenhofer-gmbh.de<\/a><\/p>\n<p><strong>Disclaimer:<br \/>\n<\/strong>Despite careful examination, the company Kirschenhofer Maschinen GmbH takes no liability for the content of external links.<br \/>\nThe content of the linked pages are the sole responsibility its&#8217; owner.<\/p>\n<p><strong>Your way to us, visit us personally<\/strong><\/p>\n<p><iframe loading=\"lazy\" style=\"border: 0;\" src=\"https:\/\/www.google.com\/maps\/embed?pb=!1m14!1m8!1m3!1d10592.279441414124!2d10.1536925!3d48.4168031!3m2!1i1024!2i768!4f13.1!3m3!1m2!1s0x0%3A0xbcf3a2858b0810a8!2sKirschenhofer+GmbH!5e0!3m2!1sen!2sde!4v1542825858922\" width=\"600\" height=\"450\" frameborder=\"0\" allowfullscreen=\"allowfullscreen\"><\/iframe><\/p>\n","protected":false},"excerpt":{"rendered":"<p>Data according to \u00a7 5 TMG: Kirschenhofer Maschinen GmbH R\u00f6merstra\u00dfe 35 89278 Nersingen-Stra\u00df Company data: domicile: Nersingen-Stra\u00df Registergericht Memmingen HRB Nr. 15 317 USt-IdNr. DE 286 552 416 Managing directors: Hariton Kirschenhofer \/ Craig Craill Telefon:&nbsp;+49 (0)&nbsp; 7308\/817960 E-Mail:&nbsp;info@kirschenhofer-gmbh.de Disclaimer: Despite careful examination, the company Kirschenhofer Maschinen GmbH takes no liability for the content of [&hellip;]<\/p>\n","protected":false},"author":1,"featured_media":0,"parent":37,"menu_order":0,"comment_status":"closed","ping_status":"closed","template":"page-templates\/page_fullwidth.php","meta":[],"_links":{"self":[{"href":"https:\/\/kirschenhofer-maschinen-gmbh.de\/en\/wp-json\/wp\/v2\/pages\/21"}],"collection":[{"href":"https:\/\/kirschenhofer-maschinen-gmbh.de\/en\/wp-json\/wp\/v2\/pages"}],"about":[{"href":"https:\/\/kirschenhofer-maschinen-gmbh.de\/en\/wp-json\/wp\/v2\/types\/page"}],"author":[{"embeddable":true,"href":"https:\/\/kirschenhofer-maschinen-gmbh.de\/en\/wp-json\/wp\/v2\/users\/1"}],"replies":[{"embeddable":true,"href":"https:\/\/kirschenhofer-maschinen-gmbh.de\/en\/wp-json\/wp\/v2\/comments?post=21"}],"version-history":[{"count":4,"href":"https:\/\/kirschenhofer-maschinen-gmbh.de\/en\/wp-json\/wp\/v2\/pages\/21\/revisions"}],"predecessor-version":[{"id":1514,"href":"https:\/\/kirschenhofer-maschinen-gmbh.de\/en\/wp-json\/wp\/v2\/pages\/21\/revisions\/1514"}],"up":[{"embeddable":true,"href":"https:\/\/kirschenhofer-maschinen-gmbh.de\/en\/wp-json\/wp\/v2\/pages\/37"}],"wp:attachment":[{"href":"https:\/\/kirschenhofer-maschinen-gmbh.de\/en\/wp-json\/wp\/v2\/media?parent=21"}],"curies":[{"name":"wp","href":"https:\/\/api.w.org\/{rel}","templated":true}]}}